{"id":790,"date":"2022-02-01T22:07:17","date_gmt":"2022-02-01T21:07:17","guid":{"rendered":"https:\/\/intira.de\/neu\/?page_id=790"},"modified":"2022-02-14T16:16:29","modified_gmt":"2022-02-14T15:16:29","slug":"monitoring","status":"publish","type":"page","link":"https:\/\/intira.de\/?page_id=790","title":{"rendered":"Monitoring"},"content":{"rendered":"\t\t<div data-elementor-type=\"wp-page\" data-elementor-id=\"790\" class=\"elementor elementor-790\">\n\t\t\t\t\t\t<section class=\"elementor-section elementor-top-section elementor-element elementor-element-fe19f87 elementor-section-boxed elementor-section-height-default elementor-section-height-default\" data-id=\"fe19f87\" data-element_type=\"section\">\n\t\t\t\t\t\t<div class=\"elementor-container elementor-column-gap-default\">\n\t\t\t\t\t<div class=\"aux-parallax-section elementor-column elementor-col-100 elementor-top-column elementor-element elementor-element-e7038bc\" data-id=\"e7038bc\" data-element_type=\"column\">\n\t\t\t<div class=\"elementor-widget-wrap elementor-element-populated\">\n\t\t\t\t\t\t<div class=\"elementor-element elementor-element-fdb9857 elementor-widget elementor-widget-image\" data-id=\"fdb9857\" data-element_type=\"widget\" data-widget_type=\"image.default\">\n\t\t\t\t<div class=\"elementor-widget-container\">\n\t\t\t\t\t\t\t\t\t\t\t\t\t\t\t<img decoding=\"async\" width=\"1088\" height=\"9\" src=\"https:\/\/intira.de\/wp-content\/uploads\/2022\/02\/Trennstrich.png\" class=\"attachment-full size-full wp-image-1244\" alt=\"\" srcset=\"https:\/\/intira.de\/wp-content\/uploads\/2022\/02\/Trennstrich.png 1088w, https:\/\/intira.de\/wp-content\/uploads\/2022\/02\/Trennstrich-1024x9.png 1024w\" sizes=\"(max-width: 1088px) 100vw, 1088px\" \/>\t\t\t\t\t\t\t\t\t\t\t\t\t\t\t<\/div>\n\t\t\t\t<\/div>\n\t\t\t\t\t<\/div>\n\t\t<\/div>\n\t\t\t\t\t<\/div>\n\t\t<\/section>\n\t\t\t\t<section class=\"elementor-section elementor-top-section elementor-element elementor-element-19a20b3 elementor-section-boxed elementor-section-height-default elementor-section-height-default\" data-id=\"19a20b3\" data-element_type=\"section\">\n\t\t\t\t\t\t<div class=\"elementor-container elementor-column-gap-default\">\n\t\t\t\t\t<div class=\"aux-parallax-section elementor-column elementor-col-100 elementor-top-column elementor-element elementor-element-d54c843\" data-id=\"d54c843\" data-element_type=\"column\">\n\t\t\t<div class=\"elementor-widget-wrap elementor-element-populated\">\n\t\t\t\t\t\t<div class=\"elementor-element elementor-element-902149d elementor-widget elementor-widget-spacer\" data-id=\"902149d\" data-element_type=\"widget\" data-widget_type=\"spacer.default\">\n\t\t\t\t<div class=\"elementor-widget-container\">\n\t\t\t\t\t\t\t<div class=\"elementor-spacer\">\n\t\t\t<div class=\"elementor-spacer-inner\"><\/div>\n\t\t<\/div>\n\t\t\t\t\t\t<\/div>\n\t\t\t\t<\/div>\n\t\t\t\t\t<\/div>\n\t\t<\/div>\n\t\t\t\t\t<\/div>\n\t\t<\/section>\n\t\t\t\t<section class=\"elementor-section elementor-top-section elementor-element elementor-element-98314ea elementor-section-boxed elementor-section-height-default elementor-section-height-default\" data-id=\"98314ea\" data-element_type=\"section\">\n\t\t\t\t\t\t<div class=\"elementor-container elementor-column-gap-default\">\n\t\t\t\t\t<div class=\"aux-parallax-section elementor-column elementor-col-100 elementor-top-column elementor-element elementor-element-16914fb\" data-id=\"16914fb\" data-element_type=\"column\">\n\t\t\t<div class=\"elementor-widget-wrap elementor-element-populated\">\n\t\t\t\t\t\t<div class=\"elementor-element elementor-element-6dd7cab elementor-widget elementor-widget-image\" data-id=\"6dd7cab\" data-element_type=\"widget\" data-widget_type=\"image.default\">\n\t\t\t\t<div class=\"elementor-widget-container\">\n\t\t\t\t\t\t\t\t\t\t\t\t\t\t\t<img fetchpriority=\"high\" decoding=\"async\" width=\"1000\" height=\"308\" src=\"https:\/\/intira.de\/wp-content\/uploads\/2022\/02\/INTIRA-monitoring-Solaranlagen.png\" class=\"attachment-full size-full wp-image-794\" alt=\"\" \/>\t\t\t\t\t\t\t\t\t\t\t\t\t\t\t<\/div>\n\t\t\t\t<\/div>\n\t\t\t\t\t<\/div>\n\t\t<\/div>\n\t\t\t\t\t<\/div>\n\t\t<\/section>\n\t\t\t\t<section class=\"elementor-section elementor-top-section elementor-element elementor-element-7fc4c1f elementor-section-boxed elementor-section-height-default elementor-section-height-default\" data-id=\"7fc4c1f\" data-element_type=\"section\">\n\t\t\t\t\t\t<div class=\"elementor-container elementor-column-gap-default\">\n\t\t\t\t\t<div class=\"aux-parallax-section elementor-column elementor-col-100 elementor-top-column elementor-element elementor-element-82b3998\" data-id=\"82b3998\" data-element_type=\"column\">\n\t\t\t<div class=\"elementor-widget-wrap elementor-element-populated\">\n\t\t\t\t\t\t<div class=\"elementor-element elementor-element-07d7a2f elementor-widget elementor-widget-heading\" data-id=\"07d7a2f\" data-element_type=\"widget\" data-widget_type=\"heading.default\">\n\t\t\t\t<div class=\"elementor-widget-container\">\n\t\t\t\t\t<h2 class=\"elementor-heading-title elementor-size-default\">Kennen Sie diese Fragen?<\/h2>\t\t\t\t<\/div>\n\t\t\t\t<\/div>\n\t\t\t\t<div class=\"elementor-element elementor-element-cf99e0a elementor-widget elementor-widget-text-editor\" data-id=\"cf99e0a\" data-element_type=\"widget\" data-widget_type=\"text-editor.default\">\n\t\t\t\t<div class=\"elementor-widget-container\">\n\t\t\t\t\t\t\t\t\t<ul><li>Produziert meine PV-Anlage?<\/li><li>Hat meine Solaranlage Fehler?<\/li><li>Leistet meine Investition was sie soll?<\/li><\/ul><p>Wenn Sie mindestens eine dieser Fragen nicht beantworten k\u00f6nnen ist es h\u00f6chste Zeit die Risiken zu minimieren.<\/p>\t\t\t\t\t\t\t\t<\/div>\n\t\t\t\t<\/div>\n\t\t\t\t\t<\/div>\n\t\t<\/div>\n\t\t\t\t\t<\/div>\n\t\t<\/section>\n\t\t\t\t<section class=\"elementor-section elementor-top-section elementor-element elementor-element-e879648 elementor-section-boxed elementor-section-height-default elementor-section-height-default\" data-id=\"e879648\" data-element_type=\"section\">\n\t\t\t\t\t\t<div class=\"elementor-container elementor-column-gap-default\">\n\t\t\t\t\t<div class=\"aux-parallax-section elementor-column elementor-col-100 elementor-top-column elementor-element elementor-element-b13e49f\" data-id=\"b13e49f\" data-element_type=\"column\">\n\t\t\t<div class=\"elementor-widget-wrap elementor-element-populated\">\n\t\t\t\t\t\t<div class=\"elementor-element elementor-element-278f014 elementor-widget elementor-widget-spacer\" data-id=\"278f014\" data-element_type=\"widget\" data-widget_type=\"spacer.default\">\n\t\t\t\t<div class=\"elementor-widget-container\">\n\t\t\t\t\t\t\t<div class=\"elementor-spacer\">\n\t\t\t<div class=\"elementor-spacer-inner\"><\/div>\n\t\t<\/div>\n\t\t\t\t\t\t<\/div>\n\t\t\t\t<\/div>\n\t\t\t\t\t<\/div>\n\t\t<\/div>\n\t\t\t\t\t<\/div>\n\t\t<\/section>\n\t\t\t\t<section class=\"elementor-section elementor-top-section elementor-element elementor-element-e6e6792 elementor-section-boxed elementor-section-height-default elementor-section-height-default\" data-id=\"e6e6792\" data-element_type=\"section\">\n\t\t\t\t\t\t<div class=\"elementor-container elementor-column-gap-default\">\n\t\t\t\t\t<div class=\"aux-parallax-section elementor-column elementor-col-100 elementor-top-column elementor-element elementor-element-e5241a8\" data-id=\"e5241a8\" data-element_type=\"column\">\n\t\t\t<div class=\"elementor-widget-wrap elementor-element-populated\">\n\t\t\t\t\t\t<div class=\"elementor-element elementor-element-4e2e25b elementor-widget elementor-widget-image\" data-id=\"4e2e25b\" data-element_type=\"widget\" data-widget_type=\"image.default\">\n\t\t\t\t<div class=\"elementor-widget-container\">\n\t\t\t\t\t\t\t\t\t\t\t\t\t\t\t<img decoding=\"async\" width=\"1000\" height=\"308\" src=\"https:\/\/intira.de\/wp-content\/uploads\/2022\/02\/INTIRA-Notfallservice-Solaranlagen-24-7-Made-in-Germany.png\" class=\"attachment-large size-large wp-image-795\" alt=\"\" \/>\t\t\t\t\t\t\t\t\t\t\t\t\t\t\t<\/div>\n\t\t\t\t<\/div>\n\t\t\t\t<div class=\"elementor-element elementor-element-525f3ad elementor-widget elementor-widget-spacer\" data-id=\"525f3ad\" data-element_type=\"widget\" data-widget_type=\"spacer.default\">\n\t\t\t\t<div class=\"elementor-widget-container\">\n\t\t\t\t\t\t\t<div class=\"elementor-spacer\">\n\t\t\t<div class=\"elementor-spacer-inner\"><\/div>\n\t\t<\/div>\n\t\t\t\t\t\t<\/div>\n\t\t\t\t<\/div>\n\t\t\t\t\t<\/div>\n\t\t<\/div>\n\t\t\t\t\t<\/div>\n\t\t<\/section>\n\t\t\t\t<section class=\"elementor-section elementor-top-section elementor-element elementor-element-586f077 elementor-section-boxed elementor-section-height-default elementor-section-height-default\" data-id=\"586f077\" data-element_type=\"section\">\n\t\t\t\t\t\t<div class=\"elementor-container elementor-column-gap-default\">\n\t\t\t\t\t<div class=\"aux-parallax-section elementor-column elementor-col-100 elementor-top-column elementor-element elementor-element-258c055\" data-id=\"258c055\" data-element_type=\"column\">\n\t\t\t<div class=\"elementor-widget-wrap elementor-element-populated\">\n\t\t\t\t\t\t<div class=\"elementor-element elementor-element-54623d7 elementor-widget elementor-widget-heading\" data-id=\"54623d7\" data-element_type=\"widget\" data-widget_type=\"heading.default\">\n\t\t\t\t<div class=\"elementor-widget-container\">\n\t\t\t\t\t<h2 class=\"elementor-heading-title elementor-size-default\">Real Time \u00dcberwachung - damit Sie immer Ihre Daten kennen!<\/h2>\t\t\t\t<\/div>\n\t\t\t\t<\/div>\n\t\t\t\t<div class=\"elementor-element elementor-element-c6d822a elementor-widget elementor-widget-text-editor\" data-id=\"c6d822a\" data-element_type=\"widget\" data-widget_type=\"text-editor.default\">\n\t\t\t\t<div class=\"elementor-widget-container\">\n\t\t\t\t\t\t\t\t\t<p>Wir bieten Ihnen eine Monitoring L\u00f6sung die Ihre Anlage stets \u00fcberwacht und Ihne jederzeit Auskunft gibt.<\/p><ul><li>Vorgefertigte Grafiken \u2013 normierte Wechselrichter-Energie, Performance Ratio, Heatmap und viele weitere<\/li><li>Soll \/ Ist-Vergleich \u2013 Simulation des Sollwertes<\/li><li>Einsatz von Satellitendaten, sofern keine Einstrahlungssensoren vorhanden<\/li><li>Erstellung individueller Analysen<\/li><li>Cockpit f\u00fcr die anlagenspezifische \u00dcbersicht<\/li><\/ul><p>Dar\u00fcber hinaus generiert das Monitoring im Fehlerfall sofort eine Email und informiert Sie mit allen wichtigen Informationen.<\/p>\t\t\t\t\t\t\t\t<\/div>\n\t\t\t\t<\/div>\n\t\t\t\t\t<\/div>\n\t\t<\/div>\n\t\t\t\t\t<\/div>\n\t\t<\/section>\n\t\t\t\t<section class=\"elementor-section elementor-top-section elementor-element elementor-element-7ba21ce elementor-section-boxed elementor-section-height-default elementor-section-height-default\" data-id=\"7ba21ce\" data-element_type=\"section\">\n\t\t\t\t\t\t<div class=\"elementor-container elementor-column-gap-default\">\n\t\t\t\t\t<div class=\"aux-parallax-section elementor-column elementor-col-100 elementor-top-column elementor-element elementor-element-169d307\" data-id=\"169d307\" data-element_type=\"column\">\n\t\t\t<div class=\"elementor-widget-wrap elementor-element-populated\">\n\t\t\t\t\t\t<div class=\"elementor-element elementor-element-12786eb elementor-widget elementor-widget-image\" data-id=\"12786eb\" data-element_type=\"widget\" data-widget_type=\"image.default\">\n\t\t\t\t<div class=\"elementor-widget-container\">\n\t\t\t\t\t\t\t\t\t\t\t\t\t\t\t<img decoding=\"async\" width=\"1088\" height=\"9\" src=\"https:\/\/intira.de\/wp-content\/uploads\/2022\/02\/Trennstrich.png\" class=\"attachment-full size-full wp-image-1244\" alt=\"\" srcset=\"https:\/\/intira.de\/wp-content\/uploads\/2022\/02\/Trennstrich.png 1088w, https:\/\/intira.de\/wp-content\/uploads\/2022\/02\/Trennstrich-1024x9.png 1024w\" sizes=\"(max-width: 1088px) 100vw, 1088px\" \/>\t\t\t\t\t\t\t\t\t\t\t\t\t\t\t<\/div>\n\t\t\t\t<\/div>\n\t\t\t\t\t<\/div>\n\t\t<\/div>\n\t\t\t\t\t<\/div>\n\t\t<\/section>\n\t\t\t\t<\/div>\n\t\t","protected":false},"excerpt":{"rendered":"<p>Kennen Sie diese Fragen? Produziert meine PV-Anlage? Hat meine Solaranlage Fehler? Leistet meine Investition was sie soll? Wenn Sie mindestens eine dieser Fragen nicht beantworten k\u00f6nnen ist es h\u00f6chste Zeit die Risiken zu minimieren. Real Time \u00dcberwachung &#8211; damit Sie immer Ihre Daten kennen! Wir bieten Ihnen eine Monitoring L\u00f6sung die Ihre Anlage stets \u00fcberwacht [&hellip;]<\/p>\n","protected":false},"author":1,"featured_media":1752,"parent":0,"menu_order":0,"comment_status":"closed","ping_status":"closed","template":"","meta":{"ngg_post_thumbnail":0,"footnotes":""},"class_list":["post-790","page","type-page","status-publish","has-post-thumbnail","hentry"],"_links":{"self":[{"href":"https:\/\/intira.de\/index.php?rest_route=\/wp\/v2\/pages\/790","targetHints":{"allow":["GET"]}}],"collection":[{"href":"https:\/\/intira.de\/index.php?rest_route=\/wp\/v2\/pages"}],"about":[{"href":"https:\/\/intira.de\/index.php?rest_route=\/wp\/v2\/types\/page"}],"author":[{"embeddable":true,"href":"https:\/\/intira.de\/index.php?rest_route=\/wp\/v2\/users\/1"}],"replies":[{"embeddable":true,"href":"https:\/\/intira.de\/index.php?rest_route=%2Fwp%2Fv2%2Fcomments&post=790"}],"version-history":[{"count":18,"href":"https:\/\/intira.de\/index.php?rest_route=\/wp\/v2\/pages\/790\/revisions"}],"predecessor-version":[{"id":1487,"href":"https:\/\/intira.de\/index.php?rest_route=\/wp\/v2\/pages\/790\/revisions\/1487"}],"wp:featuredmedia":[{"embeddable":true,"href":"https:\/\/intira.de\/index.php?rest_route=\/wp\/v2\/media\/1752"}],"wp:attachment":[{"href":"https:\/\/intira.de\/index.php?rest_route=%2Fwp%2Fv2%2Fmedia&parent=790"}],"curies":[{"name":"wp","href":"https:\/\/api.w.org\/{rel}","templated":true}]}}